{"id":50,"date":"2023-10-06T18:23:21","date_gmt":"2023-10-06T16:23:21","guid":{"rendered":"https:\/\/cezedartiste.com\/?page_id=50"},"modified":"2024-09-12T21:47:15","modified_gmt":"2024-09-12T19:47:15","slug":"objets","status":"publish","type":"page","link":"https:\/\/cezedartiste.com\/index.php\/objets\/","title":{"rendered":"Objets de conversation"},"content":{"rendered":"\n<p class=\"has-text-align-center\"><strong>Qu&rsquo;est ce qu&rsquo;un objet de conversation?<\/strong><\/p>\n\n\n\n<p><strong>C\u2019est un objet compl\u00e8tement inutile mais enti\u00e8rement indispensable. Il est dit que cet objet se posait sur la table ou dans un endroit en vue afin de cr\u00e9er une opportunit\u00e9 d\u2019\u00e9change entre les inconnus. Myst\u00e9rieux ou atypique, cet objet provoque naturellement la conversation autour de lui.<\/strong><\/p>\n\n\n\n<p><\/p>\n\n\n<div class=\"wp-block-image\">\n<figure class=\"aligncenter size-large is-resized\"><img loading=\"lazy\" decoding=\"async\" width=\"967\" height=\"1024\" src=\"https:\/\/cezedartiste.com\/wp-content\/uploads\/2023\/10\/palet-0-967x1024.jpg\" alt=\"\" class=\"wp-image-131\" style=\"width:308px;height:326px\" srcset=\"https:\/\/cezedartiste.com\/wp-content\/uploads\/2023\/10\/palet-0-967x1024.jpg 967w, https:\/\/cezedartiste.com\/wp-content\/uploads\/2023\/10\/palet-0-283x300.jpg 283w, https:\/\/cezedartiste.com\/wp-content\/uploads\/2023\/10\/palet-0-768x813.jpg 768w, https:\/\/cezedartiste.com\/wp-content\/uploads\/2023\/10\/palet-0-1451x1536.jpg 1451w, https:\/\/cezedartiste.com\/wp-content\/uploads\/2023\/10\/palet-0-1935x2048.jpg 1935w, https:\/\/cezedartiste.com\/wp-content\/uploads\/2023\/10\/palet-0-1200x1270.jpg 1200w\" sizes=\"auto, (max-width: 709px) 85vw, (max-width: 909px) 67vw, (max-width: 1362px) 62vw, 840px\" \/><figcaption class=\"wp-element-caption\">PALET DE D\u00c9CISION <\/figcaption><\/figure>\n<\/div>\n\n\n<p><\/p>\n\n\n<div class=\"wp-block-image\">\n<figure class=\"aligncenter size-full is-resized\"><img loading=\"lazy\" decoding=\"async\" width=\"504\" height=\"469\" src=\"https:\/\/cezedartiste.com\/wp-content\/uploads\/2023\/10\/decoration-objet-deco-multicolore-cube-peint-a-la-main-cezed-1.jpg\" alt=\"\" class=\"wp-image-167\" style=\"width:420px;height:391px\" srcset=\"https:\/\/cezedartiste.com\/wp-content\/uploads\/2023\/10\/decoration-objet-deco-multicolore-cube-peint-a-la-main-cezed-1.jpg 504w, https:\/\/cezedartiste.com\/wp-content\/uploads\/2023\/10\/decoration-objet-deco-multicolore-cube-peint-a-la-main-cezed-1-300x279.jpg 300w\" sizes=\"auto, (max-width: 504px) 85vw, 504px\" \/><figcaption class=\"wp-element-caption\">CUBE<\/figcaption><\/figure>\n<\/div>\n\n\n<p><\/p>\n\n\n\n<p><\/p>\n\n\n<div class=\"wp-block-image\">\n<figure class=\"aligncenter size-full is-resized\"><img loading=\"lazy\" decoding=\"async\" width=\"570\" height=\"361\" src=\"https:\/\/cezedartiste.com\/wp-content\/uploads\/2023\/10\/93561801_1683456871796118_2779021037977731072_n.jpg\" alt=\"\" class=\"wp-image-133\" style=\"width:492px;height:312px\" srcset=\"https:\/\/cezedartiste.com\/wp-content\/uploads\/2023\/10\/93561801_1683456871796118_2779021037977731072_n.jpg 570w, https:\/\/cezedartiste.com\/wp-content\/uploads\/2023\/10\/93561801_1683456871796118_2779021037977731072_n-300x190.jpg 300w\" sizes=\"auto, (max-width: 570px) 85vw, 570px\" \/><figcaption class=\"wp-element-caption\">CE QUE L\u2019\u0152IL NE CONTEMPLE PAS, L\u2019\u0152IL NE VOIS PAS &#8230;<\/figcaption><\/figure>\n<\/div>\n\n\n<p><\/p>\n\n\n<div class=\"wp-block-image\">\n<figure class=\"aligncenter size-large is-resized\"><img loading=\"lazy\" decoding=\"async\" width=\"1024\" height=\"512\" src=\"https:\/\/cezedartiste.com\/wp-content\/uploads\/2023\/10\/objet-de-conversation-artiste-cezed-vanessa-pataki-1024x512.jpg\" alt=\"\" class=\"wp-image-163\" style=\"width:602px;height:301px\" srcset=\"https:\/\/cezedartiste.com\/wp-content\/uploads\/2023\/10\/objet-de-conversation-artiste-cezed-vanessa-pataki-1024x512.jpg 1024w, https:\/\/cezedartiste.com\/wp-content\/uploads\/2023\/10\/objet-de-conversation-artiste-cezed-vanessa-pataki-300x150.jpg 300w, https:\/\/cezedartiste.com\/wp-content\/uploads\/2023\/10\/objet-de-conversation-artiste-cezed-vanessa-pataki-768x384.jpg 768w, https:\/\/cezedartiste.com\/wp-content\/uploads\/2023\/10\/objet-de-conversation-artiste-cezed-vanessa-pataki-1536x768.jpg 1536w, https:\/\/cezedartiste.com\/wp-content\/uploads\/2023\/10\/objet-de-conversation-artiste-cezed-vanessa-pataki-2048x1024.jpg 2048w, https:\/\/cezedartiste.com\/wp-content\/uploads\/2023\/10\/objet-de-conversation-artiste-cezed-vanessa-pataki-1200x600.jpg 1200w\" sizes=\"auto, (max-width: 709px) 85vw, (max-width: 909px) 67vw, (max-width: 1362px) 62vw, 840px\" \/><figcaption class=\"wp-element-caption\">L&rsquo;INDISCRET<\/figcaption><\/figure>\n<\/div>\n\n\n<p><\/p>\n\n\n<div class=\"wp-block-image\">\n<figure class=\"aligncenter size-large is-resized\"><img loading=\"lazy\" decoding=\"async\" width=\"1024\" height=\"806\" src=\"https:\/\/cezedartiste.com\/wp-content\/uploads\/2023\/10\/objet-de-conversation-artiste-cezed-vanessa-pataki3-1024x806.jpg\" alt=\"\" class=\"wp-image-165\" style=\"width:451px;height:355px\" srcset=\"https:\/\/cezedartiste.com\/wp-content\/uploads\/2023\/10\/objet-de-conversation-artiste-cezed-vanessa-pataki3-1024x806.jpg 1024w, https:\/\/cezedartiste.com\/wp-content\/uploads\/2023\/10\/objet-de-conversation-artiste-cezed-vanessa-pataki3-300x236.jpg 300w, https:\/\/cezedartiste.com\/wp-content\/uploads\/2023\/10\/objet-de-conversation-artiste-cezed-vanessa-pataki3-768x605.jpg 768w, https:\/\/cezedartiste.com\/wp-content\/uploads\/2023\/10\/objet-de-conversation-artiste-cezed-vanessa-pataki3-1536x1209.jpg 1536w, https:\/\/cezedartiste.com\/wp-content\/uploads\/2023\/10\/objet-de-conversation-artiste-cezed-vanessa-pataki3-2048x1612.jpg 2048w, https:\/\/cezedartiste.com\/wp-content\/uploads\/2023\/10\/objet-de-conversation-artiste-cezed-vanessa-pataki3-1200x945.jpg 1200w\" sizes=\"auto, (max-width: 709px) 85vw, (max-width: 909px) 67vw, (max-width: 1362px) 62vw, 840px\" \/><figcaption class=\"wp-element-caption\">CUBE<\/figcaption><\/figure>\n<\/div>\n\n\n<p><\/p>\n\n\n<div class=\"wp-block-image\">\n<figure class=\"aligncenter size-large is-resized\"><img loading=\"lazy\" decoding=\"async\" width=\"775\" height=\"1024\" src=\"https:\/\/cezedartiste.com\/wp-content\/uploads\/2024\/02\/423541666_1550240832434918_5934961126779525422_n-1-775x1024.jpg\" alt=\"\" class=\"wp-image-293\" style=\"width:248px;height:auto\" srcset=\"https:\/\/cezedartiste.com\/wp-content\/uploads\/2024\/02\/423541666_1550240832434918_5934961126779525422_n-1-775x1024.jpg 775w, https:\/\/cezedartiste.com\/wp-content\/uploads\/2024\/02\/423541666_1550240832434918_5934961126779525422_n-1-227x300.jpg 227w, https:\/\/cezedartiste.com\/wp-content\/uploads\/2024\/02\/423541666_1550240832434918_5934961126779525422_n-1-768x1014.jpg 768w, https:\/\/cezedartiste.com\/wp-content\/uploads\/2024\/02\/423541666_1550240832434918_5934961126779525422_n-1-1163x1536.jpg 1163w, https:\/\/cezedartiste.com\/wp-content\/uploads\/2024\/02\/423541666_1550240832434918_5934961126779525422_n-1.jpg 1176w\" sizes=\"auto, (max-width: 775px) 85vw, 775px\" \/><figcaption class=\"wp-element-caption\">OUVERTURE D&rsquo;ESPRIT<\/figcaption><\/figure>\n<\/div>\n\n\n<p><\/p>\n\n\n\n<p><\/p>\n\n\n\n<p class=\"has-text-align-center\"><strong>BOITES CURIEUSE<\/strong>S<\/p>\n\n\n\n<p><\/p>\n\n\n<div class=\"wp-block-image\">\n<figure class=\"aligncenter size-large is-resized\"><img loading=\"lazy\" decoding=\"async\" width=\"1024\" height=\"783\" src=\"https:\/\/cezedartiste.com\/wp-content\/uploads\/2023\/10\/boite-curieuse-artiste-peint-a-la-main-cezed-boite-a-bijoux-a-tresors-unique-1024x783.jpg\" alt=\"\" class=\"wp-image-134\" style=\"width:528px;height:404px\" srcset=\"https:\/\/cezedartiste.com\/wp-content\/uploads\/2023\/10\/boite-curieuse-artiste-peint-a-la-main-cezed-boite-a-bijoux-a-tresors-unique-1024x783.jpg 1024w, https:\/\/cezedartiste.com\/wp-content\/uploads\/2023\/10\/boite-curieuse-artiste-peint-a-la-main-cezed-boite-a-bijoux-a-tresors-unique-300x229.jpg 300w, https:\/\/cezedartiste.com\/wp-content\/uploads\/2023\/10\/boite-curieuse-artiste-peint-a-la-main-cezed-boite-a-bijoux-a-tresors-unique-768x587.jpg 768w, https:\/\/cezedartiste.com\/wp-content\/uploads\/2023\/10\/boite-curieuse-artiste-peint-a-la-main-cezed-boite-a-bijoux-a-tresors-unique-1536x1174.jpg 1536w, https:\/\/cezedartiste.com\/wp-content\/uploads\/2023\/10\/boite-curieuse-artiste-peint-a-la-main-cezed-boite-a-bijoux-a-tresors-unique-2048x1566.jpg 2048w, https:\/\/cezedartiste.com\/wp-content\/uploads\/2023\/10\/boite-curieuse-artiste-peint-a-la-main-cezed-boite-a-bijoux-a-tresors-unique-1200x917.jpg 1200w\" sizes=\"auto, (max-width: 709px) 85vw, (max-width: 909px) 67vw, (max-width: 1362px) 62vw, 840px\" \/><figcaption class=\"wp-element-caption\">BOITE CURIEUSE <br> la boite qui surveille son contenu<\/figcaption><\/figure>\n<\/div>\n\n\n<p><\/p>\n\n\n\n<p><\/p>\n\n\n\n<p><\/p>\n\n\n<div class=\"wp-block-image\">\n<figure class=\"aligncenter size-full is-resized\"><img loading=\"lazy\" decoding=\"async\" width=\"780\" height=\"421\" src=\"https:\/\/cezedartiste.com\/wp-content\/uploads\/2023\/10\/boite-originale-collection-art-artiste-peintre-cezed-vanessa-pataki-objet-de-conversation-objet-insolite-decoration-boite-a-clef-boite-a-bijoux.jpg\" alt=\"\" class=\"wp-image-135\" style=\"width:488px;height:263px\" srcset=\"https:\/\/cezedartiste.com\/wp-content\/uploads\/2023\/10\/boite-originale-collection-art-artiste-peintre-cezed-vanessa-pataki-objet-de-conversation-objet-insolite-decoration-boite-a-clef-boite-a-bijoux.jpg 780w, https:\/\/cezedartiste.com\/wp-content\/uploads\/2023\/10\/boite-originale-collection-art-artiste-peintre-cezed-vanessa-pataki-objet-de-conversation-objet-insolite-decoration-boite-a-clef-boite-a-bijoux-300x162.jpg 300w, https:\/\/cezedartiste.com\/wp-content\/uploads\/2023\/10\/boite-originale-collection-art-artiste-peintre-cezed-vanessa-pataki-objet-de-conversation-objet-insolite-decoration-boite-a-clef-boite-a-bijoux-768x415.jpg 768w\" sizes=\"auto, (max-width: 780px) 85vw, 780px\" \/><figcaption class=\"wp-element-caption\">BOITE  A RIEN <br> cette boite dont le couvercle va jusqu&rsquo;au fond ne peut rien contenir<\/figcaption><\/figure>\n<\/div>\n\n\n<p><\/p>\n\n\n\n<p class=\"has-text-align-center\"><strong>AUTRES&#8230;..<\/strong><\/p>\n\n\n<div class=\"wp-block-image\">\n<figure class=\"aligncenter size-large is-resized\"><img loading=\"lazy\" decoding=\"async\" width=\"1024\" height=\"631\" src=\"https:\/\/cezedartiste.com\/wp-content\/uploads\/2023\/10\/Boite-en-bois-peinte-a-la-main-originale-1-1024x631.jpg\" alt=\"\" class=\"wp-image-162\" style=\"width:506px;height:auto\" srcset=\"https:\/\/cezedartiste.com\/wp-content\/uploads\/2023\/10\/Boite-en-bois-peinte-a-la-main-originale-1-1024x631.jpg 1024w, https:\/\/cezedartiste.com\/wp-content\/uploads\/2023\/10\/Boite-en-bois-peinte-a-la-main-originale-1-300x185.jpg 300w, https:\/\/cezedartiste.com\/wp-content\/uploads\/2023\/10\/Boite-en-bois-peinte-a-la-main-originale-1-768x473.jpg 768w, https:\/\/cezedartiste.com\/wp-content\/uploads\/2023\/10\/Boite-en-bois-peinte-a-la-main-originale-1-1536x946.jpg 1536w, https:\/\/cezedartiste.com\/wp-content\/uploads\/2023\/10\/Boite-en-bois-peinte-a-la-main-originale-1-2048x1261.jpg 2048w, https:\/\/cezedartiste.com\/wp-content\/uploads\/2023\/10\/Boite-en-bois-peinte-a-la-main-originale-1-1200x739.jpg 1200w\" sizes=\"auto, (max-width: 709px) 85vw, (max-width: 909px) 67vw, (max-width: 1362px) 62vw, 840px\" \/><\/figure>\n<\/div>\n\n\n<p><\/p>\n\n\n\n<p><\/p>\n\n\n\n<p><\/p>\n","protected":false},"excerpt":{"rendered":"<p>Qu&rsquo;est ce qu&rsquo;un objet de conversation? C\u2019est un objet compl\u00e8tement inutile mais enti\u00e8rement indispensable. Il est dit que cet objet se posait sur la table ou dans un endroit en vue afin de cr\u00e9er une opportunit\u00e9 d\u2019\u00e9change entre les inconnus. Myst\u00e9rieux ou atypique, cet objet provoque naturellement la conversation autour de lui. BOITES CURIEUSES AUTRES&#8230;..<\/p>\n","protected":false},"author":1,"featured_media":0,"parent":0,"menu_order":0,"comment_status":"closed","ping_status":"closed","template":"","meta":{"footnotes":""},"class_list":["post-50","page","type-page","status-publish","hentry"],"_links":{"self":[{"href":"https:\/\/cezedartiste.com\/index.php\/wp-json\/wp\/v2\/pages\/50","targetHints":{"allow":["GET"]}}],"collection":[{"href":"https:\/\/cezedartiste.com\/index.php\/wp-json\/wp\/v2\/pages"}],"about":[{"href":"https:\/\/cezedartiste.com\/index.php\/wp-json\/wp\/v2\/types\/page"}],"author":[{"embeddable":true,"href":"https:\/\/cezedartiste.com\/index.php\/wp-json\/wp\/v2\/users\/1"}],"replies":[{"embeddable":true,"href":"https:\/\/cezedartiste.com\/index.php\/wp-json\/wp\/v2\/comments?post=50"}],"version-history":[{"count":9,"href":"https:\/\/cezedartiste.com\/index.php\/wp-json\/wp\/v2\/pages\/50\/revisions"}],"predecessor-version":[{"id":356,"href":"https:\/\/cezedartiste.com\/index.php\/wp-json\/wp\/v2\/pages\/50\/revisions\/356"}],"wp:attachment":[{"href":"https:\/\/cezedartiste.com\/index.php\/wp-json\/wp\/v2\/media?parent=50"}],"curies":[{"name":"wp","href":"https:\/\/api.w.org\/{rel}","templated":true}]}}