{"id":467,"date":"2024-09-14T09:58:13","date_gmt":"2024-09-14T07:58:13","guid":{"rendered":"https:\/\/cezedartiste.com\/?page_id=467"},"modified":"2024-09-14T09:58:13","modified_gmt":"2024-09-14T07:58:13","slug":"deco-chambre-ferrari-2008","status":"publish","type":"page","link":"https:\/\/cezedartiste.com\/index.php\/deco-chambre-ferrari-2008\/","title":{"rendered":"DECO CHAMBRE FERRARI -2008"},"content":{"rendered":"\n<p>APR\u00c8S la d\u00e9co CARS, place \u00e0 la plus prestigieuse Ferrari, quelques changements dans la chambre, un meuble recouvert de papier peint chrome , des poign\u00e9es de meubles avec de vieux pneu de maquettes et je lui ai fait un grand pouf en forme de pneu!!!<\/p>\n\n\n\n<p>j&rsquo;ai m\u00eame eu la splendide id\u00e9e de demander a mon fils comment il voulait la jante du pneu. ( style la fille qui s&rsquo;y connait !!!)<\/p>\n\n\n\n<p>pneu en simili cuir et garniture microbilles<\/p>\n\n\n<div class=\"wp-block-image\">\n<figure class=\"aligncenter size-full is-resized\"><img loading=\"lazy\" decoding=\"async\" width=\"320\" height=\"216\" src=\"https:\/\/cezedartiste.com\/wp-content\/uploads\/2024\/09\/deco-chambre-ferrari.jpg\" alt=\"\" class=\"wp-image-468\" style=\"width:395px;height:auto\" srcset=\"https:\/\/cezedartiste.com\/wp-content\/uploads\/2024\/09\/deco-chambre-ferrari.jpg 320w, https:\/\/cezedartiste.com\/wp-content\/uploads\/2024\/09\/deco-chambre-ferrari-300x203.jpg 300w\" sizes=\"auto, (max-width: 320px) 85vw, 320px\" \/><\/figure>\n<\/div>\n\n<div class=\"wp-block-image\">\n<figure class=\"aligncenter is-resized\"><a href=\"https:\/\/storage.canalblog.com\/67\/40\/1106976\/96516892_o.jpg\" target=\"_blank\" rel=\"noreferrer noopener\"><img decoding=\"async\" src=\"https:\/\/storage.canalblog.com\/67\/40\/1106976\/96516892.jpg\" alt=\"P1020922\" style=\"width:343px;height:auto\"\/><\/a><\/figure>\n<\/div>","protected":false},"excerpt":{"rendered":"<p>APR\u00c8S la d\u00e9co CARS, place \u00e0 la plus prestigieuse Ferrari, quelques changements dans la chambre, un meuble recouvert de papier peint chrome , des poign\u00e9es de meubles avec de vieux pneu de maquettes et je lui ai fait un grand pouf en forme de pneu!!! j&rsquo;ai m\u00eame eu la splendide id\u00e9e de demander a mon &hellip; <a href=\"https:\/\/cezedartiste.com\/index.php\/deco-chambre-ferrari-2008\/\" class=\"more-link\">Continuer la lecture<span class=\"screen-reader-text\"> de &laquo;&nbsp;DECO CHAMBRE FERRARI -2008&nbsp;&raquo;<\/span><\/a><\/p>\n","protected":false},"author":1,"featured_media":468,"parent":0,"menu_order":0,"comment_status":"closed","ping_status":"closed","template":"","meta":{"footnotes":""},"class_list":["post-467","page","type-page","status-publish","has-post-thumbnail","hentry"],"_links":{"self":[{"href":"https:\/\/cezedartiste.com\/index.php\/wp-json\/wp\/v2\/pages\/467","targetHints":{"allow":["GET"]}}],"collection":[{"href":"https:\/\/cezedartiste.com\/index.php\/wp-json\/wp\/v2\/pages"}],"about":[{"href":"https:\/\/cezedartiste.com\/index.php\/wp-json\/wp\/v2\/types\/page"}],"author":[{"embeddable":true,"href":"https:\/\/cezedartiste.com\/index.php\/wp-json\/wp\/v2\/users\/1"}],"replies":[{"embeddable":true,"href":"https:\/\/cezedartiste.com\/index.php\/wp-json\/wp\/v2\/comments?post=467"}],"version-history":[{"count":1,"href":"https:\/\/cezedartiste.com\/index.php\/wp-json\/wp\/v2\/pages\/467\/revisions"}],"predecessor-version":[{"id":469,"href":"https:\/\/cezedartiste.com\/index.php\/wp-json\/wp\/v2\/pages\/467\/revisions\/469"}],"wp:featuredmedia":[{"embeddable":true,"href":"https:\/\/cezedartiste.com\/index.php\/wp-json\/wp\/v2\/media\/468"}],"wp:attachment":[{"href":"https:\/\/cezedartiste.com\/index.php\/wp-json\/wp\/v2\/media?parent=467"}],"curies":[{"name":"wp","href":"https:\/\/api.w.org\/{rel}","templated":true}]}}