{"id":387,"date":"2024-09-13T14:45:53","date_gmt":"2024-09-13T12:45:53","guid":{"rendered":"https:\/\/cezedartiste.com\/?page_id=387"},"modified":"2024-09-13T14:45:53","modified_gmt":"2024-09-13T12:45:53","slug":"diy-une-cuisiniere-en-carton1999","status":"publish","type":"page","link":"https:\/\/cezedartiste.com\/index.php\/diy-une-cuisiniere-en-carton1999\/","title":{"rendered":"DIY : UNE CUISINIERE EN CARTON(1999)"},"content":{"rendered":"\n<p>Ton fils ou ta fille a envie d&rsquo;une cuisini\u00e8re? pas de soucis !! r\u00e9alis\u00e9e dans un bloc 4 tiroirs en carton ! Recouvert de v\u00e9nilia et poign\u00e9es en m\u00e9tal pour les boutons.<\/p>\n\n\n\n<figure class=\"wp-block-image\"><a href=\"https:\/\/storage.canalblog.com\/71\/05\/1106976\/106654034_o.jpg\" target=\"_blank\" rel=\"noreferrer noopener\"><img decoding=\"async\" src=\"https:\/\/storage.canalblog.com\/71\/05\/1106976\/106654034.jpg\" alt=\"sea0002\"\/><\/a><\/figure>\n\n\n\n<figure class=\"wp-block-image\"><a href=\"https:\/\/storage.canalblog.com\/29\/85\/1106976\/106654036_o.jpg\" target=\"_blank\" rel=\"noreferrer noopener\"><img decoding=\"async\" src=\"https:\/\/storage.canalblog.com\/29\/85\/1106976\/106654036.jpg\" alt=\"se0002\"\/><\/a><\/figure>\n","protected":false},"excerpt":{"rendered":"<p>Ton fils ou ta fille a envie d&rsquo;une cuisini\u00e8re? pas de soucis !! r\u00e9alis\u00e9e dans un bloc 4 tiroirs en carton ! Recouvert de v\u00e9nilia et poign\u00e9es en m\u00e9tal pour les boutons.<\/p>\n","protected":false},"author":1,"featured_media":388,"parent":0,"menu_order":0,"comment_status":"closed","ping_status":"closed","template":"","meta":{"footnotes":""},"class_list":["post-387","page","type-page","status-publish","has-post-thumbnail","hentry"],"_links":{"self":[{"href":"https:\/\/cezedartiste.com\/index.php\/wp-json\/wp\/v2\/pages\/387","targetHints":{"allow":["GET"]}}],"collection":[{"href":"https:\/\/cezedartiste.com\/index.php\/wp-json\/wp\/v2\/pages"}],"about":[{"href":"https:\/\/cezedartiste.com\/index.php\/wp-json\/wp\/v2\/types\/page"}],"author":[{"embeddable":true,"href":"https:\/\/cezedartiste.com\/index.php\/wp-json\/wp\/v2\/users\/1"}],"replies":[{"embeddable":true,"href":"https:\/\/cezedartiste.com\/index.php\/wp-json\/wp\/v2\/comments?post=387"}],"version-history":[{"count":1,"href":"https:\/\/cezedartiste.com\/index.php\/wp-json\/wp\/v2\/pages\/387\/revisions"}],"predecessor-version":[{"id":389,"href":"https:\/\/cezedartiste.com\/index.php\/wp-json\/wp\/v2\/pages\/387\/revisions\/389"}],"wp:featuredmedia":[{"embeddable":true,"href":"https:\/\/cezedartiste.com\/index.php\/wp-json\/wp\/v2\/media\/388"}],"wp:attachment":[{"href":"https:\/\/cezedartiste.com\/index.php\/wp-json\/wp\/v2\/media?parent=387"}],"curies":[{"name":"wp","href":"https:\/\/api.w.org\/{rel}","templated":true}]}}