{"id":360,"date":"2024-09-13T13:38:48","date_gmt":"2024-09-13T11:38:48","guid":{"rendered":"https:\/\/cezedartiste.com\/?page_id=360"},"modified":"2024-09-13T14:42:13","modified_gmt":"2024-09-13T12:42:13","slug":"une-maison-miniature-en-recup","status":"publish","type":"page","link":"https:\/\/cezedartiste.com\/index.php\/une-maison-miniature-en-recup\/","title":{"rendered":"Une maison miniature en r\u00e9cup !"},"content":{"rendered":"\n<h2 class=\"wp-block-heading\">MAISON MINIATURE EN RECUP&rsquo; <\/h2>\n\n\n\n<p>( 1\/12\u00e8me-1997)<\/p>\n\n\n\n<p>Depuis toute petite je cr\u00e9e, j&rsquo;invente , je teste , mais mes id\u00e9es sont diverses et \u00e9clatent dans tous les sens , dessins , couture, pi\u00e8ces de th\u00e9\u00e2tre , costumes, d\u00e9cors, peinture, bricolage, d\u00e9co, animation,&#8230;chaque id\u00e9e en entrainant une autre et j&rsquo;aime tout !!!<\/p>\n\n\n\n<p>Avec le temps mes cr\u00e9ations ont \u00e9volu\u00e9s, j&rsquo;ai vite trouv\u00e9 la voie des r\u00e9alisations minutieuses et le go\u00fbt pour la miniature. A cette \u00e9poque, mes cr\u00e9ations ne s&rsquo;exposaient pas, elles faisaient parties de ma vie quotidienne.<\/p>\n\n\n\n<p>C&rsquo;est en 1997, que je trouve enfin du temps \u00e0 consacrer \u00e0 la r\u00e9alisation de quelque chose de plus concret et l&rsquo;achat d&rsquo;un petit \u00e9l\u00e9ment miniaturis\u00e9 m&rsquo;a donn\u00e9 envie de lui donn\u00e9 vie dans une pi\u00e8ce \u00e0 la m\u00eame \u00e9chelle!<\/p>\n\n\n\n<p>Compl\u00e8tement autodidacte , \u00e7a ne s&rsquo;av\u00e8rerait pas tache facile et pourtant je me suis gliss\u00e9 un d\u00e9fi suppl\u00e9mentaire : R\u00e9aliser ma pi\u00e8ce uniquement \u00e0 partir de r\u00e9cup et ne rien acheter!<\/p>\n\n\n\n<p>Ma passion pour la d\u00e9mesure \u00e9tait n\u00e9e! AU lieu d&rsquo;une seul pi\u00e8ce, ma cr\u00e9ation est devenue une maison de 12 pi\u00e8ces ! plus de 40 heures de travail par pi\u00e8ce \u00e0 rechercher avec quoi j&rsquo;allais r\u00e9aliser les objets que j&rsquo;avais en t\u00eate et leur r\u00e9alisation.<\/p>\n\n\n\n<p>je n&rsquo;ai achet\u00e9 que 4 ou 5 objets en tout, dont j&rsquo;aurais pu me passer, mais c&rsquo;\u00e9tait l&rsquo;occasion de me faire plaisir!<\/p>\n\n\n\n<p><strong>D\u00e9couvrez &nbsp;la vid\u00e9o<\/strong><\/p>\n\n\n\n<p><strong>et en dessous les photos des &nbsp;pi\u00e8ces avec quelques petites astuces !<\/strong><\/p>\n\n\n\n<p>(d\u00e9couvrez en vid\u00e9o :  <a href=\"https:\/\/youtube.com\/watch?v=gkvy-SH7-q8%3Ffeature%3Doembed\">https:\/\/youtube.com\/watch?v=gkvy-SH7-q8%3Ffeature%3Doembed<\/a> )<\/p>\n\n\n\n<p><strong>MAISON MINIATURE \u00e9chelle 1\/12\u00e8me<\/strong><\/p>\n\n\n<div class=\"wp-block-image\">\n<figure class=\"aligncenter\"><img decoding=\"async\" src=\"https:\/\/storage.canalblog.com\/03\/57\/1106976\/84867676_p.jpg\" alt=\"534551_3750486413258_188858726_n\"\/><\/figure>\n<\/div>\n\n\n<p><\/p>\n\n\n\n<p><strong>SALLE DE BAIN :<\/strong> salle de bain :(toute 1\u00e8re pi\u00e8ce r\u00e9alis\u00e9e et celle qui m&rsquo;a donn\u00e9 le go\u00fbt de continuer!)<br><strong>pi\u00e8ces achet\u00e9s : lavabo\/ miroir de base<\/strong><br>poubelle : bouchon de rouge \u00e0 l\u00e8vre+ bouton peints, brosse : gomme et fil de fer,baignoire :blister de g\u00e2teau ap\u00e9ritif, pot de coton : embout de t\u00e9tine en silicone, bouchon d&rsquo;\u00e9vier : bout de fil \u00e9lectrique , robinet : boucles d&rsquo;oreilles ,etc&#8230;<\/p>\n\n\n<div class=\"wp-block-image\">\n<figure class=\"aligncenter\"><a href=\"https:\/\/storage.canalblog.com\/25\/29\/1106976\/84867655_o.jpg\" target=\"_blank\" rel=\"noreferrer noopener\"><img decoding=\"async\" src=\"https:\/\/storage.canalblog.com\/25\/29\/1106976\/84867655_p.jpg\" alt=\"8106_3750487293280_359097267_n\"\/><\/a><\/figure>\n<\/div>\n\n\n<p><\/p>\n\n\n\n<p><strong>CHAMBRE DES PARENTS :<\/strong><br><strong>pi\u00e8ce achet\u00e9e: lit en kit<\/strong><br>chaussures: en fimo, cintre: fil de fer,&nbsp;commode : cube en bois,etc&#8230;<\/p>\n\n\n<div class=\"wp-block-image\">\n<figure class=\"aligncenter\"><a href=\"https:\/\/storage.canalblog.com\/66\/70\/1106976\/84867657_o.jpg\" target=\"_blank\" rel=\"noreferrer noopener\"><img decoding=\"async\" src=\"https:\/\/storage.canalblog.com\/66\/70\/1106976\/84867657_p.jpg\" alt=\"180290_3750484653214_832271425_n\"\/><\/a><\/figure>\n<\/div>\n\n\n<p><\/p>\n\n\n\n<p><strong>CHAMBRE PETIT GAR\u00c7ON : pi\u00e8ce achet\u00e9 tricycle en cuivre<\/strong><br>Garage : gomme+ balsa+fl\u00e9chette en pastique, flute de pan: tube de rafia brul\u00e9 et fix\u00e9 , bottes en p\u00e2te fimo, etc&#8230;<\/p>\n\n\n<div class=\"wp-block-image\">\n<figure class=\"aligncenter\"><a href=\"https:\/\/storage.canalblog.com\/50\/97\/1106976\/84867665_o.jpg\" target=\"_blank\" rel=\"noreferrer noopener\"><img decoding=\"async\" src=\"https:\/\/storage.canalblog.com\/50\/97\/1106976\/84867665_p.jpg\" alt=\"295470_3750485173227_1151950008_n\"\/><\/a><\/figure>\n<\/div>\n\n\n<p><\/p>\n\n\n\n<p><\/p>\n\n\n\n<p><strong>CUISINE :<\/strong> <strong>pi\u00e8ce achet\u00e9e : chaise<\/strong><\/p>\n\n\n\n<p>frigo : blister pli\u00e9 peint en blanc , poign\u00e9e du frigo: int\u00e9rieur de barrette \u00e0 cheveux, poulet : fimo, aquarium: bouchon de rouge \u00e0 l\u00e8vre transparent, \u00e9gouttoir: cure dent taill\u00e9s , fouet : fermoir de collier et fil de fer,etc&#8230;<\/p>\n\n\n<div class=\"wp-block-image\">\n<figure class=\"aligncenter\"><a href=\"https:\/\/storage.canalblog.com\/05\/26\/1106976\/84867671_o.jpg\" target=\"_blank\" rel=\"noreferrer noopener\"><img decoding=\"async\" src=\"https:\/\/storage.canalblog.com\/05\/26\/1106976\/84867671_p.jpg\" alt=\"417565_3750485493235_282317509_n\"\/><\/a><\/figure>\n<\/div>\n\n\n<p><\/p>\n\n\n\n<p><strong>SALON:<\/strong> <strong>pi\u00e8ce achet\u00e9e : l\u00e9opard,voiture miniature<\/strong><\/p>\n\n\n\n<p>boucle de cristal: bille et perle, coffre : bristol+ chute de cuir, etc&#8230;<\/p>\n\n\n<div class=\"wp-block-image\">\n<figure class=\"aligncenter\"><a href=\"https:\/\/storage.canalblog.com\/65\/30\/1106976\/84867748_o.jpg\" target=\"_blank\" rel=\"noreferrer noopener\"><img decoding=\"async\" src=\"https:\/\/storage.canalblog.com\/65\/30\/1106976\/84867748_p.jpg\" alt=\"532468_3750486933271_207797665_n\"\/><\/a><\/figure>\n<\/div>\n\n\n<p><\/p>\n\n\n\n<p><strong>CHAMBRE d&rsquo;ADOS FILLE:<\/strong> <strong>pi\u00e8ce achet\u00e9e: lampe en m\u00e9tal<\/strong><\/p>\n\n\n\n<p>&nbsp;(je n&rsquo;avais encore jamais fait de peinture sur bois ,d\u2019o\u00f9 les bavures sur les cagettes)<br>classeur: papier +anneaux de bijoux +pince en m\u00e9tal qu&rsquo;il y a sur les chaussettes  neuves), basket :fimo, stylo:fil scoubidou , etc&#8230;<\/p>\n\n\n<div class=\"wp-block-image\">\n<figure class=\"aligncenter\"><a href=\"https:\/\/storage.canalblog.com\/27\/74\/1106976\/84867753_o.jpg\" target=\"_blank\" rel=\"noreferrer noopener\"><img decoding=\"async\" src=\"https:\/\/storage.canalblog.com\/27\/74\/1106976\/84867753_p.jpg\" alt=\"532632_3750484373207_308246575_n\"\/><\/a><\/figure>\n<\/div>\n\n\n<p><\/p>\n\n\n\n<p><strong>CHAMBRE B\u00c9B\u00c9 :<\/strong><\/p>\n\n\n\n<p>biberon : cartouche d&rsquo;encre vide+fil scoubidou, pieds de landau :attache m\u00e9tallique de bouchon de champagne ,  jeux d&rsquo;anneaux: fil scoubidou, chenille : perles, flacon : perle, meuble en balsa, berceau en rafia,etc&#8230;<\/p>\n\n\n<div class=\"wp-block-image\">\n<figure class=\"aligncenter\"><a href=\"https:\/\/storage.canalblog.com\/78\/37\/1106976\/84867758_o.jpg\" target=\"_blank\" rel=\"noreferrer noopener\"><img decoding=\"async\" src=\"https:\/\/storage.canalblog.com\/78\/37\/1106976\/84867758_p.jpg\" alt=\"554022_3750484253204_2079054833_n\"\/><\/a><\/figure>\n<\/div>\n\n\n<p><\/p>\n\n\n\n<p><strong>BUREAU:&nbsp;<\/strong>pi\u00e8ces r\u00e9cup\u00e9r\u00e9e : Seau en cuivre, statuette<\/p>\n\n\n\n<p><strong>cartable : chute de cuir , mappemonde :fimo, grille de chemin\u00e9e : palette (jouet) , stylos: cures dent taill\u00e9s et peints, etc&#8230;<\/strong><\/p>\n\n\n<div class=\"wp-block-image\">\n<figure class=\"aligncenter\"><a href=\"https:\/\/storage.canalblog.com\/36\/59\/1106976\/84867792_o.jpg\" target=\"_blank\" rel=\"noreferrer noopener\"><img decoding=\"async\" src=\"https:\/\/storage.canalblog.com\/36\/59\/1106976\/84867792_p.jpg\" alt=\"250826_3750484013198_558006503_n\"\/><\/a><\/figure>\n<\/div>\n\n\n<p><\/p>\n\n\n\n<p><strong>LINGERIE:<\/strong><\/p>\n\n\n\n<p>Pani\u00e8re \u00e0 linge : moiti\u00e9 de support pour bloc d\u00e9sodorisant wc, panier linge sale: blister g\u00e2teau ap\u00e9ritif, horloge : couvercle boite de perles, poign\u00e9es en fils scoubidou,hublot machine \u00e0 laver: bouchon produit m\u00e9nager, etc..<\/p>\n\n\n<div class=\"wp-block-image\">\n<figure class=\"aligncenter is-resized\"><a href=\"https:\/\/storage.canalblog.com\/07\/66\/1106976\/84867801_o.jpg\" target=\"_blank\" rel=\"noreferrer noopener\"><img decoding=\"async\" src=\"https:\/\/storage.canalblog.com\/07\/66\/1106976\/84867801_p.jpg\" alt=\"599317_3750486173252_1362062419_n\" style=\"width:297px;height:auto\"\/><\/a><\/figure>\n<\/div>\n\n\n<p><\/p>\n\n\n\n<p><strong>ATELIER :<\/strong> pi\u00e8ce achet\u00e9e : machine a coudre<br><\/p>\n\n\n\n<p><strong>ciseaux: fil de fer, bobines: fermoir boucles d&rsquo;oreilles, toile fait main, verre : bouchon crayon maquillage coup\u00e9, tubes de peinture :fils de plomb ,etc&#8230;<\/strong><\/p>\n\n\n\n<figure class=\"wp-block-image\"><a href=\"https:\/\/storage.canalblog.com\/55\/05\/1106976\/84867807_o.jpg\" target=\"_blank\" rel=\"noreferrer noopener\"><img decoding=\"async\" src=\"https:\/\/storage.canalblog.com\/55\/05\/1106976\/84867807_p.jpg\" alt=\"599499_3750483493185_505362779_n\"\/><\/a><\/figure>\n\n\n\n<p>ZOOM sur &nbsp;la pi\u00e8ce miniature situ\u00e9e dans l\u2019atelier au dessus de la machine a coudre<\/p>\n\n\n\n<figure class=\"wp-block-image\"><img decoding=\"async\" src=\"https:\/\/storage.canalblog.com\/03\/18\/1106976\/84867794_p.jpg\" alt=\"426792_3750486573262_987519175_n\"\/><\/figure>\n\n\n\n<p><\/p>\n\n\n\n<p><strong>TOILETTES :<\/strong> pi\u00e8ce achet\u00e9e: toilettes blanc<br>pot b\u00e9b\u00e9: fimo , brosse : perles en bois+poil de goupillon, poubelle : bouchon de rouge \u00e0 l\u00e8vre+morceau de jouet kinder, balai :morceau de brosse \u00e0 dent et pic \u00e0 brochette, flacons entretien en fimo, etc&#8230;<\/p>\n\n\n\n<figure class=\"wp-block-image\"><a href=\"https:\/\/storage.canalblog.com\/65\/09\/1106976\/84869239_o.jpg\" target=\"_blank\" rel=\"noreferrer noopener\"><img decoding=\"async\" src=\"https:\/\/storage.canalblog.com\/65\/09\/1106976\/84869239_p.jpg\" alt=\"306713_3750488253304_839062527_n\"\/><\/a><\/figure>\n\n\n\n<p>Ma maison \u00e0 fait l&rsquo;objet d&rsquo;un tas d&rsquo;expos, mais elle existe encore (bon j&rsquo;avoue un peu abim\u00e9e!) J&rsquo;avais commenc\u00e9 un livre-tutos pour tout r\u00e9aliser soi-m\u00eame , je l&rsquo;ai commenc\u00e9 \u00a0mais \u00a0comme j&rsquo;ai tout r\u00e9alis\u00e9 \u00e0 l\u2019\u0153il pour que tout soit proportionnel , \u00e7a a \u00e9t\u00e9 un gros casse t\u00eate pour reproduire les plans avec des mesures, mais peut \u00eatre que je vous le poterais un jour \ud83d\ude09<\/p>\n","protected":false},"excerpt":{"rendered":"<p>MAISON MINIATURE EN RECUP&rsquo; ( 1\/12\u00e8me-1997) Depuis toute petite je cr\u00e9e, j&rsquo;invente , je teste , mais mes id\u00e9es sont diverses et \u00e9clatent dans tous les sens , dessins , couture, pi\u00e8ces de th\u00e9\u00e2tre , costumes, d\u00e9cors, peinture, bricolage, d\u00e9co, animation,&#8230;chaque id\u00e9e en entrainant une autre et j&rsquo;aime tout !!! Avec le temps mes cr\u00e9ations &hellip; <a href=\"https:\/\/cezedartiste.com\/index.php\/une-maison-miniature-en-recup\/\" class=\"more-link\">Continuer la lecture<span class=\"screen-reader-text\"> de &laquo;&nbsp;Une maison miniature en r\u00e9cup !&nbsp;&raquo;<\/span><\/a><\/p>\n","protected":false},"author":1,"featured_media":362,"parent":0,"menu_order":0,"comment_status":"closed","ping_status":"closed","template":"","meta":{"footnotes":""},"class_list":["post-360","page","type-page","status-publish","has-post-thumbnail","hentry"],"_links":{"self":[{"href":"https:\/\/cezedartiste.com\/index.php\/wp-json\/wp\/v2\/pages\/360","targetHints":{"allow":["GET"]}}],"collection":[{"href":"https:\/\/cezedartiste.com\/index.php\/wp-json\/wp\/v2\/pages"}],"about":[{"href":"https:\/\/cezedartiste.com\/index.php\/wp-json\/wp\/v2\/types\/page"}],"author":[{"embeddable":true,"href":"https:\/\/cezedartiste.com\/index.php\/wp-json\/wp\/v2\/users\/1"}],"replies":[{"embeddable":true,"href":"https:\/\/cezedartiste.com\/index.php\/wp-json\/wp\/v2\/comments?post=360"}],"version-history":[{"count":2,"href":"https:\/\/cezedartiste.com\/index.php\/wp-json\/wp\/v2\/pages\/360\/revisions"}],"predecessor-version":[{"id":386,"href":"https:\/\/cezedartiste.com\/index.php\/wp-json\/wp\/v2\/pages\/360\/revisions\/386"}],"wp:featuredmedia":[{"embeddable":true,"href":"https:\/\/cezedartiste.com\/index.php\/wp-json\/wp\/v2\/media\/362"}],"wp:attachment":[{"href":"https:\/\/cezedartiste.com\/index.php\/wp-json\/wp\/v2\/media?parent=360"}],"curies":[{"name":"wp","href":"https:\/\/api.w.org\/{rel}","templated":true}]}}