{"id":268,"date":"2024-02-16T15:19:11","date_gmt":"2024-02-16T14:19:11","guid":{"rendered":"https:\/\/cezedartiste.com\/?page_id=268"},"modified":"2024-11-24T19:07:22","modified_gmt":"2024-11-24T18:07:22","slug":"article-de-presse-et-prix","status":"publish","type":"page","link":"https:\/\/cezedartiste.com\/index.php\/article-de-presse-et-prix\/","title":{"rendered":"ARTICLE DE PRESSE et Prix"},"content":{"rendered":"\n<p><\/p>\n\n\n\n<p><strong>Novembre 2024 :<\/strong> <strong>Livre de mus\u00e9e-Exposition Variante contemporaines du couple F\u00e9n\u00e9on peint par Maximilien Luce &#8211; R\u00e9daction M. Philipart<\/strong><\/p>\n\n\n\n<figure class=\"wp-block-image size-large is-resized\"><img loading=\"lazy\" decoding=\"async\" width=\"1024\" height=\"768\" src=\"https:\/\/cezedartiste.com\/wp-content\/uploads\/2024\/11\/livre-de-musee-par-Michel-Philipart-exposition-luce-musee-de-la-faience-et-des-beaux-arts-1024x768.jpg\" alt=\"\" class=\"wp-image-821\" style=\"width:572px;height:auto\" srcset=\"https:\/\/cezedartiste.com\/wp-content\/uploads\/2024\/11\/livre-de-musee-par-Michel-Philipart-exposition-luce-musee-de-la-faience-et-des-beaux-arts-1024x768.jpg 1024w, https:\/\/cezedartiste.com\/wp-content\/uploads\/2024\/11\/livre-de-musee-par-Michel-Philipart-exposition-luce-musee-de-la-faience-et-des-beaux-arts-300x225.jpg 300w, https:\/\/cezedartiste.com\/wp-content\/uploads\/2024\/11\/livre-de-musee-par-Michel-Philipart-exposition-luce-musee-de-la-faience-et-des-beaux-arts-768x576.jpg 768w, https:\/\/cezedartiste.com\/wp-content\/uploads\/2024\/11\/livre-de-musee-par-Michel-Philipart-exposition-luce-musee-de-la-faience-et-des-beaux-arts-1536x1152.jpg 1536w, https:\/\/cezedartiste.com\/wp-content\/uploads\/2024\/11\/livre-de-musee-par-Michel-Philipart-exposition-luce-musee-de-la-faience-et-des-beaux-arts-1200x900.jpg 1200w, https:\/\/cezedartiste.com\/wp-content\/uploads\/2024\/11\/livre-de-musee-par-Michel-Philipart-exposition-luce-musee-de-la-faience-et-des-beaux-arts.jpg 2000w\" sizes=\"auto, (max-width: 709px) 85vw, (max-width: 909px) 67vw, (max-width: 1362px) 62vw, 840px\" \/><\/figure>\n\n\n\n<p><\/p>\n\n\n\n<p><strong>Dans les dingos du vinyle<\/strong><\/p>\n\n\n\n<figure class=\"wp-block-image size-full is-resized\"><img loading=\"lazy\" decoding=\"async\" width=\"498\" height=\"316\" src=\"https:\/\/cezedartiste.com\/wp-content\/uploads\/2024\/11\/cezed-article-les-dingos-du-vinyl-2024.jpg\" alt=\"\" class=\"wp-image-819\" style=\"width:250px;height:auto\" srcset=\"https:\/\/cezedartiste.com\/wp-content\/uploads\/2024\/11\/cezed-article-les-dingos-du-vinyl-2024.jpg 498w, https:\/\/cezedartiste.com\/wp-content\/uploads\/2024\/11\/cezed-article-les-dingos-du-vinyl-2024-300x190.jpg 300w\" sizes=\"auto, (max-width: 498px) 85vw, 498px\" \/><\/figure>\n\n\n\n<p><\/p>\n\n\n\n<p>Livre de Mus\u00e9e &#8211; Les boites d&rsquo;Artistes &#8211; Amis de la Fa\u00efence et des beaux Arts<\/p>\n\n\n\n<figure class=\"wp-block-image size-large is-resized\"><img loading=\"lazy\" decoding=\"async\" width=\"756\" height=\"1024\" src=\"https:\/\/cezedartiste.com\/wp-content\/uploads\/2024\/11\/Livret-de-Musee-de-la-Faience-et-des-beaux-arts-exposition-les-boites-dartiste-1-756x1024.jpg\" alt=\"\" class=\"wp-image-825\" style=\"width:297px;height:auto\" srcset=\"https:\/\/cezedartiste.com\/wp-content\/uploads\/2024\/11\/Livret-de-Musee-de-la-Faience-et-des-beaux-arts-exposition-les-boites-dartiste-1-756x1024.jpg 756w, https:\/\/cezedartiste.com\/wp-content\/uploads\/2024\/11\/Livret-de-Musee-de-la-Faience-et-des-beaux-arts-exposition-les-boites-dartiste-1-222x300.jpg 222w, https:\/\/cezedartiste.com\/wp-content\/uploads\/2024\/11\/Livret-de-Musee-de-la-Faience-et-des-beaux-arts-exposition-les-boites-dartiste-1-768x1040.jpg 768w, https:\/\/cezedartiste.com\/wp-content\/uploads\/2024\/11\/Livret-de-Musee-de-la-Faience-et-des-beaux-arts-exposition-les-boites-dartiste-1-1134x1536.jpg 1134w, https:\/\/cezedartiste.com\/wp-content\/uploads\/2024\/11\/Livret-de-Musee-de-la-Faience-et-des-beaux-arts-exposition-les-boites-dartiste-1-1200x1625.jpg 1200w, https:\/\/cezedartiste.com\/wp-content\/uploads\/2024\/11\/Livret-de-Musee-de-la-Faience-et-des-beaux-arts-exposition-les-boites-dartiste-1.jpg 1468w\" sizes=\"auto, (max-width: 756px) 85vw, 756px\" \/><\/figure>\n\n\n\n<p><strong>Article du 14 f\u00e9vrier 2024 Journal du centre:<\/strong><\/p>\n\n\n\n<p><a href=\"https:\/\/www.lejdc.fr\/nevers-58000\/loisirs\/cezed-invite-a-decouvrir-son-monde-surrealiste-a-la-galerie-arko-a-nevers_14452332\/\">https:\/\/www.lejdc.fr\/nevers-58000\/loisirs\/cezed-invite-a-decouvrir-son-monde-surrealiste-a-la-galerie-arko-a-nevers_14452332\/<\/a><\/p>\n\n\n<div class=\"wp-block-image\">\n<figure class=\"aligncenter size-full is-resized\"><img loading=\"lazy\" decoding=\"async\" width=\"671\" height=\"1932\" src=\"https:\/\/cezedartiste.com\/wp-content\/uploads\/2024\/06\/exposition-cezed-a-arko-vanessa-quenault.jpg\" alt=\"\" class=\"wp-image-306\" style=\"width:278px;height:auto\" srcset=\"https:\/\/cezedartiste.com\/wp-content\/uploads\/2024\/06\/exposition-cezed-a-arko-vanessa-quenault.jpg 671w, https:\/\/cezedartiste.com\/wp-content\/uploads\/2024\/06\/exposition-cezed-a-arko-vanessa-quenault-104x300.jpg 104w, https:\/\/cezedartiste.com\/wp-content\/uploads\/2024\/06\/exposition-cezed-a-arko-vanessa-quenault-356x1024.jpg 356w, https:\/\/cezedartiste.com\/wp-content\/uploads\/2024\/06\/exposition-cezed-a-arko-vanessa-quenault-533x1536.jpg 533w\" sizes=\"auto, (max-width: 671px) 85vw, 671px\" \/><\/figure>\n<\/div>\n\n\n<p><\/p>\n\n\n\n<p><\/p>\n\n\n\n<p><strong>INTERVIEW du 9 f\u00e9vrier 2024 \u00e0 BAC FM :<\/strong><\/p>\n\n\n\n<figure class=\"wp-block-embed is-type-video is-provider-youtube wp-block-embed-youtube\"><div class=\"wp-block-embed__wrapper\">\n<iframe loading=\"lazy\" title=\"Interview bac fm f\u00e9vrier 2024\" width=\"840\" height=\"473\" src=\"https:\/\/www.youtube.com\/embed\/Z82xsXWnncM?feature=oembed\" frameborder=\"0\" allow=\"accelerometer; autoplay; clipboard-write; encrypted-media; gyroscope; picture-in-picture; web-share\" referrerpolicy=\"strict-origin-when-cross-origin\" allowfullscreen><\/iframe>\n<\/div><\/figure>\n\n\n\n<p><\/p>\n\n\n\n<p><\/p>\n\n\n\n<p><strong>Article du Journal du centre  octobre 2023 : Salon du chocolat (Peinture sur chocolat) :<\/strong><\/p>\n\n\n\n<p>(Photo \u00e0 venir)<\/p>\n\n\n\n<p><\/p>\n\n\n\n<p><strong>Article du Journal du centre  Mars 2023:<\/strong><\/p>\n\n\n<div class=\"wp-block-image\">\n<figure class=\"aligncenter size-large is-resized\"><img loading=\"lazy\" decoding=\"async\" width=\"1024\" height=\"539\" src=\"https:\/\/cezedartiste.com\/wp-content\/uploads\/2024\/06\/expostion-chateau-de-la-vernee-article-cezed-artiste-1024x539.jpg\" alt=\"\" class=\"wp-image-308\" style=\"width:445px;height:auto\" srcset=\"https:\/\/cezedartiste.com\/wp-content\/uploads\/2024\/06\/expostion-chateau-de-la-vernee-article-cezed-artiste-1024x539.jpg 1024w, https:\/\/cezedartiste.com\/wp-content\/uploads\/2024\/06\/expostion-chateau-de-la-vernee-article-cezed-artiste-300x158.jpg 300w, https:\/\/cezedartiste.com\/wp-content\/uploads\/2024\/06\/expostion-chateau-de-la-vernee-article-cezed-artiste-768x404.jpg 768w, https:\/\/cezedartiste.com\/wp-content\/uploads\/2024\/06\/expostion-chateau-de-la-vernee-article-cezed-artiste.jpg 1050w\" sizes=\"auto, (max-width: 709px) 85vw, (max-width: 909px) 67vw, (max-width: 1362px) 62vw, 840px\" \/><\/figure>\n<\/div>\n\n\n<p><\/p>\n\n\n\n<p><\/p>\n\n\n\n<p><strong>Article du Journal du Centre Octobre 2022 :<\/strong> <a href=\"https:\/\/www.lejdc.fr\/saint-parize-le-chatel-58490\/actualites\/cezed-une-artiste-aux-talents-multiples_14211961\/\">https:\/\/www.lejdc.fr\/saint-parize-le-chatel-58490\/actualites\/cezed-une-artiste-aux-talents-multiples_14211961\/<\/a><\/p>\n\n\n\n<p><\/p>\n\n\n<div class=\"wp-block-image\">\n<figure class=\"aligncenter size-large is-resized\"><img loading=\"lazy\" decoding=\"async\" width=\"1024\" height=\"936\" src=\"http:\/\/cezedartiste.com\/wp-content\/uploads\/2024\/02\/423036713_721622843409693_3982943739765141006_n-1024x936.jpg\" alt=\"\" class=\"wp-image-270\" style=\"width:394px;height:auto\" srcset=\"https:\/\/cezedartiste.com\/wp-content\/uploads\/2024\/02\/423036713_721622843409693_3982943739765141006_n-1024x936.jpg 1024w, https:\/\/cezedartiste.com\/wp-content\/uploads\/2024\/02\/423036713_721622843409693_3982943739765141006_n-300x274.jpg 300w, https:\/\/cezedartiste.com\/wp-content\/uploads\/2024\/02\/423036713_721622843409693_3982943739765141006_n-768x702.jpg 768w, https:\/\/cezedartiste.com\/wp-content\/uploads\/2024\/02\/423036713_721622843409693_3982943739765141006_n-1536x1404.jpg 1536w, https:\/\/cezedartiste.com\/wp-content\/uploads\/2024\/02\/423036713_721622843409693_3982943739765141006_n-1200x1097.jpg 1200w, https:\/\/cezedartiste.com\/wp-content\/uploads\/2024\/02\/423036713_721622843409693_3982943739765141006_n.jpg 1637w\" sizes=\"auto, (max-width: 709px) 85vw, (max-width: 909px) 67vw, (max-width: 1362px) 62vw, 840px\" \/><\/figure>\n<\/div>\n\n\n<p><\/p>\n\n\n\n<p><strong>Article Pub Perpignan  2011 :<\/strong><\/p>\n\n\n<div class=\"wp-block-image\">\n<figure class=\"aligncenter size-full is-resized\"><img loading=\"lazy\" decoding=\"async\" width=\"720\" height=\"496\" src=\"https:\/\/cezedartiste.com\/wp-content\/uploads\/2024\/02\/10298877_10205297018057510_7061913428086270707_n.jpg\" alt=\"\" class=\"wp-image-279\" style=\"width:518px;height:auto\" srcset=\"https:\/\/cezedartiste.com\/wp-content\/uploads\/2024\/02\/10298877_10205297018057510_7061913428086270707_n.jpg 720w, https:\/\/cezedartiste.com\/wp-content\/uploads\/2024\/02\/10298877_10205297018057510_7061913428086270707_n-300x207.jpg 300w\" sizes=\"auto, (max-width: 720px) 85vw, 720px\" \/><\/figure>\n<\/div>\n\n\n<p><\/p>\n\n\n\n<p><strong>Article dans L&rsquo;ECHO DU BERRY- janvier 2001 :<\/strong><\/p>\n\n\n\n<p>(Photo \u00e0 venir)<\/p>\n\n\n\n<p><\/p>\n\n\n\n<p><strong>Article Journal du centre- 1995 :<\/strong><\/p>\n\n\n\n<p>(photo \u00e0 venir)<\/p>\n\n\n\n<p><\/p>\n\n\n\n<p><\/p>\n\n\n\n<p>Luxembourg Art Prize:  Certificat de m\u00e9rite artistique en 2021 et 2022<\/p>\n\n\n<div class=\"wp-block-image\">\n<figure class=\"aligncenter size-full is-resized\"><img loading=\"lazy\" decoding=\"async\" width=\"739\" height=\"523\" src=\"https:\/\/cezedartiste.com\/wp-content\/uploads\/2024\/02\/merite-artistique-luxembourg-art-prize-2022.jpg\" alt=\"\" class=\"wp-image-278\" style=\"width:523px;height:auto\" srcset=\"https:\/\/cezedartiste.com\/wp-content\/uploads\/2024\/02\/merite-artistique-luxembourg-art-prize-2022.jpg 739w, https:\/\/cezedartiste.com\/wp-content\/uploads\/2024\/02\/merite-artistique-luxembourg-art-prize-2022-300x212.jpg 300w\" sizes=\"auto, (max-width: 739px) 85vw, 739px\" \/><\/figure>\n<\/div>","protected":false},"excerpt":{"rendered":"<p>Novembre 2024 : Livre de mus\u00e9e-Exposition Variante contemporaines du couple F\u00e9n\u00e9on peint par Maximilien Luce &#8211; R\u00e9daction M. Philipart Dans les dingos du vinyle Livre de Mus\u00e9e &#8211; Les boites d&rsquo;Artistes &#8211; Amis de la Fa\u00efence et des beaux Arts Article du 14 f\u00e9vrier 2024 Journal du centre: https:\/\/www.lejdc.fr\/nevers-58000\/loisirs\/cezed-invite-a-decouvrir-son-monde-surrealiste-a-la-galerie-arko-a-nevers_14452332\/ INTERVIEW du 9 f\u00e9vrier 2024 \u00e0 &hellip; <a href=\"https:\/\/cezedartiste.com\/index.php\/article-de-presse-et-prix\/\" class=\"more-link\">Continuer la lecture<span class=\"screen-reader-text\"> de &laquo;&nbsp;ARTICLE DE PRESSE et Prix&nbsp;&raquo;<\/span><\/a><\/p>\n","protected":false},"author":1,"featured_media":0,"parent":0,"menu_order":0,"comment_status":"closed","ping_status":"closed","template":"","meta":{"footnotes":""},"class_list":["post-268","page","type-page","status-publish","hentry"],"_links":{"self":[{"href":"https:\/\/cezedartiste.com\/index.php\/wp-json\/wp\/v2\/pages\/268","targetHints":{"allow":["GET"]}}],"collection":[{"href":"https:\/\/cezedartiste.com\/index.php\/wp-json\/wp\/v2\/pages"}],"about":[{"href":"https:\/\/cezedartiste.com\/index.php\/wp-json\/wp\/v2\/types\/page"}],"author":[{"embeddable":true,"href":"https:\/\/cezedartiste.com\/index.php\/wp-json\/wp\/v2\/users\/1"}],"replies":[{"embeddable":true,"href":"https:\/\/cezedartiste.com\/index.php\/wp-json\/wp\/v2\/comments?post=268"}],"version-history":[{"count":15,"href":"https:\/\/cezedartiste.com\/index.php\/wp-json\/wp\/v2\/pages\/268\/revisions"}],"predecessor-version":[{"id":826,"href":"https:\/\/cezedartiste.com\/index.php\/wp-json\/wp\/v2\/pages\/268\/revisions\/826"}],"wp:attachment":[{"href":"https:\/\/cezedartiste.com\/index.php\/wp-json\/wp\/v2\/media?parent=268"}],"curies":[{"name":"wp","href":"https:\/\/api.w.org\/{rel}","templated":true}]}}