{"id":232,"date":"2023-10-13T13:22:26","date_gmt":"2023-10-13T11:22:26","guid":{"rendered":"https:\/\/cezedartiste.com\/?page_id=232"},"modified":"2023-10-13T13:22:26","modified_gmt":"2023-10-13T11:22:26","slug":"bienvenue-dans-mon-ame","status":"publish","type":"page","link":"https:\/\/cezedartiste.com\/","title":{"rendered":"Bienvenue dans mon \u00e2me &#8230;"},"content":{"rendered":"\n<p>Vanessa, artiste peintre sous le nom de CEZED<\/p>\n\n\n<div class=\"wp-block-image\">\n<figure class=\"aligncenter size-large is-resized\"><img loading=\"lazy\" decoding=\"async\" width=\"1024\" height=\"238\" src=\"http:\/\/cezedartiste.com\/wp-content\/uploads\/2023\/10\/Artiste-peintre-cezed-decoration-objet-insolite-relooking-de-meuble-original-oeuvre-de-collection-1024x238.jpg\" alt=\"\" class=\"wp-image-33\" style=\"aspect-ratio:4.302521008403361;width:378px;height:auto\" srcset=\"https:\/\/cezedartiste.com\/wp-content\/uploads\/2023\/10\/Artiste-peintre-cezed-decoration-objet-insolite-relooking-de-meuble-original-oeuvre-de-collection-1024x238.jpg 1024w, https:\/\/cezedartiste.com\/wp-content\/uploads\/2023\/10\/Artiste-peintre-cezed-decoration-objet-insolite-relooking-de-meuble-original-oeuvre-de-collection-300x70.jpg 300w, https:\/\/cezedartiste.com\/wp-content\/uploads\/2023\/10\/Artiste-peintre-cezed-decoration-objet-insolite-relooking-de-meuble-original-oeuvre-de-collection-768x179.jpg 768w, https:\/\/cezedartiste.com\/wp-content\/uploads\/2023\/10\/Artiste-peintre-cezed-decoration-objet-insolite-relooking-de-meuble-original-oeuvre-de-collection.jpg 1195w\" sizes=\"auto, (max-width: 709px) 85vw, (max-width: 909px) 67vw, (max-width: 1362px) 62vw, 840px\" \/><\/figure>\n<\/div>\n\n\n<p> \u00ab Passionn\u00e9e par le comportement humain et son rapport \u00e0 l\u2019enfance depuis toujours, ma d\u00e9marche artistique s\u2019oriente vers l\u2019expression des \u00e9motions, l\u2019analyse et l\u2019observation sur l\u2019\u00eatre, le para\u00eetre et l\u2019impact de l\u2019inconscient dans nos vies.<br>Dans mes toiles, je mets en sc\u00e8ne des maux, des \u00e9motions enfouies, des doutes, des exp\u00e9riences, avec la volont\u00e9 d\u2019y apporter quelque chose de beau, de joyeux, d\u2019\u00e9volutif, une porte ouverte \u00e0 l\u2019impr\u00e9vu, au grain de folie, au r\u00e9versible, aux changements positifs.<\/p>\n\n\n\n<p>Dans mes objets insolites et meubles, j\u2019exprime ce qui vient naturellement, l\u2019harmonie ou le contraste des couleurs et du graphisme que j\u2019aime m\u00e9langer et associer au bois, mati\u00e8re noble et vivante qui offre une multitude de possibilit\u00e9. Ces objets insolites sont pour moi des outils pour pousser inconsciemment les gens \u00e0 communiquer entre eux. <\/p>\n\n\n\n<p><\/p>\n\n\n\n<p>\u00ab\u00a0Jouer avec la d\u00e9mesure, l\u2019id\u00e9e que rien n\u2019a de place d\u00e9finie, d\u00e9fier la logique, bousculer les codes \u00e7a me ressemble \u2026 J\u2019aime penser que tout est possible quand on ne se limite pas soi-m\u00eame\u2026 \u00ab\u00a0<\/p>\n","protected":false},"excerpt":{"rendered":"<p>Vanessa, artiste peintre sous le nom de CEZED \u00ab Passionn\u00e9e par le comportement humain et son rapport \u00e0 l\u2019enfance depuis toujours, ma d\u00e9marche artistique s\u2019oriente vers l\u2019expression des \u00e9motions, l\u2019analyse et l\u2019observation sur l\u2019\u00eatre, le para\u00eetre et l\u2019impact de l\u2019inconscient dans nos vies.Dans mes toiles, je mets en sc\u00e8ne des maux, des \u00e9motions enfouies, des &hellip; <a href=\"https:\/\/cezedartiste.com\/\" class=\"more-link\">Continuer la lecture<span class=\"screen-reader-text\"> de &laquo;&nbsp;Bienvenue dans mon \u00e2me &#8230;&nbsp;&raquo;<\/span><\/a><\/p>\n","protected":false},"author":1,"featured_media":0,"parent":0,"menu_order":0,"comment_status":"closed","ping_status":"closed","template":"","meta":{"footnotes":""},"class_list":["post-232","page","type-page","status-publish","hentry"],"_links":{"self":[{"href":"https:\/\/cezedartiste.com\/index.php\/wp-json\/wp\/v2\/pages\/232","targetHints":{"allow":["GET"]}}],"collection":[{"href":"https:\/\/cezedartiste.com\/index.php\/wp-json\/wp\/v2\/pages"}],"about":[{"href":"https:\/\/cezedartiste.com\/index.php\/wp-json\/wp\/v2\/types\/page"}],"author":[{"embeddable":true,"href":"https:\/\/cezedartiste.com\/index.php\/wp-json\/wp\/v2\/users\/1"}],"replies":[{"embeddable":true,"href":"https:\/\/cezedartiste.com\/index.php\/wp-json\/wp\/v2\/comments?post=232"}],"version-history":[{"count":1,"href":"https:\/\/cezedartiste.com\/index.php\/wp-json\/wp\/v2\/pages\/232\/revisions"}],"predecessor-version":[{"id":233,"href":"https:\/\/cezedartiste.com\/index.php\/wp-json\/wp\/v2\/pages\/232\/revisions\/233"}],"wp:attachment":[{"href":"https:\/\/cezedartiste.com\/index.php\/wp-json\/wp\/v2\/media?parent=232"}],"curies":[{"name":"wp","href":"https:\/\/api.w.org\/{rel}","templated":true}]}}