{"id":211,"date":"2023-10-12T19:54:06","date_gmt":"2023-10-12T17:54:06","guid":{"rendered":"https:\/\/cezedartiste.com\/?page_id=211"},"modified":"2025-05-01T17:00:25","modified_gmt":"2025-05-01T15:00:25","slug":"expositions","status":"publish","type":"page","link":"https:\/\/cezedartiste.com\/index.php\/expositions\/","title":{"rendered":"EXPOSITIONS"},"content":{"rendered":"<div class=\"wp-block-image\">\n<figure class=\"aligncenter size-large is-resized\"><img loading=\"lazy\" decoding=\"async\" width=\"1024\" height=\"554\" src=\"https:\/\/cezedartiste.com\/wp-content\/uploads\/2023\/10\/exposition-cezed-1024x554.jpg\" alt=\"\" class=\"wp-image-219\" style=\"width:397px;height:auto\" srcset=\"https:\/\/cezedartiste.com\/wp-content\/uploads\/2023\/10\/exposition-cezed-1024x554.jpg 1024w, https:\/\/cezedartiste.com\/wp-content\/uploads\/2023\/10\/exposition-cezed-300x162.jpg 300w, https:\/\/cezedartiste.com\/wp-content\/uploads\/2023\/10\/exposition-cezed-768x416.jpg 768w, https:\/\/cezedartiste.com\/wp-content\/uploads\/2023\/10\/exposition-cezed-1536x831.jpg 1536w, https:\/\/cezedartiste.com\/wp-content\/uploads\/2023\/10\/exposition-cezed-2048x1108.jpg 2048w, https:\/\/cezedartiste.com\/wp-content\/uploads\/2023\/10\/exposition-cezed-1200x649.jpg 1200w\" sizes=\"auto, (max-width: 709px) 85vw, (max-width: 909px) 67vw, (max-width: 1362px) 62vw, 840px\" \/><\/figure>\n<\/div>\n\n\n<p><\/p>\n\n\n\n<p>Mai 2025 : Exposition personnelle &#8211; Artmia Paris<\/p>\n\n\n\n<p>20 mars au 20 Avril 2025 : Exposition personnelle \u00ab\u00a0quartier mode\u00a0\u00bb &#8211; Nevers<\/p>\n\n\n\n<p>Du 23 novembre au 30 d\u00e9cembre 2024 : Exposition collective -\u00ab\u00a0Variante contemporaines du couple F\u00e9n\u00e9on peint par Maximilien Luce &#8211; Mus\u00e9e de la fa\u00efence et des beaux arts -Nevers<\/p>\n\n\n\n<p>31 au 02 Juin 2024: Exposition personnelle lors \u00ab\u00a0des rendez vous au Jardin\u00a0\u00bb \u00e0 BONA organis\u00e9 par le minist\u00e8re de la culture.<\/p>\n\n\n\n<p>Mars 2024: Exposition collective &#8211; d\u00e9fi les boites Lego &#8211; Mus\u00e9e de la fa\u00efence et des beaux Arts Nevers.<\/p>\n\n\n\n<p>Avril 2024 : Exposition collective Galerie Artis Show<\/p>\n\n\n\n<p>F\u00e9vrier 2024: exposition personnelle &#8211; Galerie ARKO<\/p>\n\n\n\n<p>2023: Exposition collective Art No limit &#8211; Chateau de la Vern\u00e9e &#8211; Garchizy<\/p>\n\n\n\n<p>2022 : exposition personnelle au Mus\u00e9e de La vigne \u00e0 Riousse<\/p>\n\n\n\n<p>2017 : diverses expositions \u00e0 Mornac sur Seudre, Royan et Crazannes.<\/p>\n\n\n\n<p>2016 : Salon Free Market \u00e0 Poitiers<\/p>\n\n\n\n<p>2016 : Salon \u00ab\u00a0Pink Day\u00a0\u00bb \u00e0 Niort<br>2016 : Salon Talents de Femmes \u00e0 Saintes<br>2016 : Salon des Cr\u00e9ateurs \u00e0 Bressuire<\/p>\n\n\n\n<p>2015 : March\u00e9 de cr\u00e9ateurs au Ch\u00e2teau de Crazannes, exposition sur le th\u00e8me des Contes de Charles Perrault<br>2015 : salon \u00ab\u00a0l&rsquo;effet mode\u00a0\u00bb \u00e0 Chatelaudrun<\/p>\n\n\n\n<p>2012 \u00e0 2015 : diverses petites expositions dans les Pyr\u00e9n\u00e9es orientale et en Charente maritime<\/p>\n\n\n\n<p>1997 \u00e0 2008 : diverses petites expositions dans le cher<\/p>\n\n\n\n<p>1996 : exposition club de la miniature fran\u00e7aise -Clamecy<\/p>\n\n\n\n<p><br><\/p>\n\n\n<div class=\"wp-block-image\">\n<figure class=\"aligncenter size-full\"><img loading=\"lazy\" decoding=\"async\" width=\"87\" height=\"87\" src=\"http:\/\/cezedartiste.com\/wp-content\/uploads\/2024\/02\/logo-cezed-2023-2.jpg\" alt=\"\" class=\"wp-image-300\"\/><\/figure>\n<\/div>","protected":false},"excerpt":{"rendered":"<p>Mai 2025 : Exposition personnelle &#8211; Artmia Paris 20 mars au 20 Avril 2025 : Exposition personnelle \u00ab\u00a0quartier mode\u00a0\u00bb &#8211; Nevers Du 23 novembre au 30 d\u00e9cembre 2024 : Exposition collective -\u00ab\u00a0Variante contemporaines du couple F\u00e9n\u00e9on peint par Maximilien Luce &#8211; Mus\u00e9e de la fa\u00efence et des beaux arts -Nevers 31 au 02 Juin 2024: &hellip; <a href=\"https:\/\/cezedartiste.com\/index.php\/expositions\/\" class=\"more-link\">Continuer la lecture<span class=\"screen-reader-text\"> de &laquo;&nbsp;EXPOSITIONS&nbsp;&raquo;<\/span><\/a><\/p>\n","protected":false},"author":1,"featured_media":0,"parent":0,"menu_order":0,"comment_status":"closed","ping_status":"closed","template":"","meta":{"footnotes":""},"class_list":["post-211","page","type-page","status-publish","hentry"],"_links":{"self":[{"href":"https:\/\/cezedartiste.com\/index.php\/wp-json\/wp\/v2\/pages\/211","targetHints":{"allow":["GET"]}}],"collection":[{"href":"https:\/\/cezedartiste.com\/index.php\/wp-json\/wp\/v2\/pages"}],"about":[{"href":"https:\/\/cezedartiste.com\/index.php\/wp-json\/wp\/v2\/types\/page"}],"author":[{"embeddable":true,"href":"https:\/\/cezedartiste.com\/index.php\/wp-json\/wp\/v2\/users\/1"}],"replies":[{"embeddable":true,"href":"https:\/\/cezedartiste.com\/index.php\/wp-json\/wp\/v2\/comments?post=211"}],"version-history":[{"count":16,"href":"https:\/\/cezedartiste.com\/index.php\/wp-json\/wp\/v2\/pages\/211\/revisions"}],"predecessor-version":[{"id":841,"href":"https:\/\/cezedartiste.com\/index.php\/wp-json\/wp\/v2\/pages\/211\/revisions\/841"}],"wp:attachment":[{"href":"https:\/\/cezedartiste.com\/index.php\/wp-json\/wp\/v2\/media?parent=211"}],"curies":[{"name":"wp","href":"https:\/\/api.w.org\/{rel}","templated":true}]}}