{"id":175,"date":"2023-10-12T18:58:24","date_gmt":"2023-10-12T16:58:24","guid":{"rendered":"https:\/\/cezedartiste.com\/?page_id=175"},"modified":"2024-06-02T19:57:22","modified_gmt":"2024-06-02T17:57:22","slug":"biographie","status":"publish","type":"page","link":"https:\/\/cezedartiste.com\/index.php\/biographie\/","title":{"rendered":"Biographie"},"content":{"rendered":"\n<p><\/p>\n\n\n\n<p>N\u00e9e en 1972 \u00e0 Strasbourg, fille d&rsquo;une tr\u00e8s  jeune maman cr\u00e9ative et cultiv\u00e9e, d&rsquo;une grand-m\u00e8re professeure de fran\u00e7ais et histoire g\u00e9o, d&rsquo;un grand p\u00e8re \u00e9rudit invisible, d&rsquo;un papa, musicien \u00e0 ses heures perdues qui l&rsquo;adopte fi\u00e8rement \u00e0 l&rsquo;age de ses 1 ans, Vanessa, bien que bien entour\u00e9e, se sentira bien souvent seule en d\u00e9calage avec les autres avec le sentiment d&rsquo;avoir grandit trop vite.<\/p>\n\n\n<div class=\"wp-block-image\">\n<figure class=\"aligncenter size-full is-resized\"><img loading=\"lazy\" decoding=\"async\" width=\"720\" height=\"960\" src=\"https:\/\/cezedartiste.com\/wp-content\/uploads\/2023\/10\/10371888_10203073231424234_6003448743196457693_n.jpg\" alt=\"\" class=\"wp-image-238\" style=\"aspect-ratio:0.75;width:189px;height:auto\" srcset=\"https:\/\/cezedartiste.com\/wp-content\/uploads\/2023\/10\/10371888_10203073231424234_6003448743196457693_n.jpg 720w, https:\/\/cezedartiste.com\/wp-content\/uploads\/2023\/10\/10371888_10203073231424234_6003448743196457693_n-225x300.jpg 225w\" sizes=\"auto, (max-width: 720px) 85vw, 720px\" \/><\/figure>\n<\/div>\n\n\n<p>En classe de CP elle d\u00e9veloppe d\u00e9j\u00e0 sa cr\u00e9ativit\u00e9 \u00e0 travers la peinture, le dessin, le modelage, l&rsquo;\u00e9criture et d&rsquo;autres d\u00e9couvertes telles que des marionnettes ou les claquettes ou encore les pi\u00e8ces de th\u00e9\u00e2tre et autres jeux et livres qu&rsquo;elle invente.<\/p>\n\n\n\n<p>Plus tard, elle se d\u00e9couvre une passion pour l&rsquo;analyse des comportements. Et s&rsquo;amuse aussi, entre 2 croquis de mode, \u00e0 r\u00e9aliser des dessins humoristiques et ironiques pour le journal du lyc\u00e9e.<\/p>\n\n\n<div class=\"wp-block-image\">\n<figure class=\"aligncenter size-large is-resized\"><img loading=\"lazy\" decoding=\"async\" width=\"1024\" height=\"548\" src=\"https:\/\/cezedartiste.com\/wp-content\/uploads\/2023\/10\/11265449_10206448884013439_1933321598653845236_o-1024x548.jpg\" alt=\"\" class=\"wp-image-239\" style=\"aspect-ratio:1.8686131386861313;width:396px;height:auto\" srcset=\"https:\/\/cezedartiste.com\/wp-content\/uploads\/2023\/10\/11265449_10206448884013439_1933321598653845236_o-1024x548.jpg 1024w, https:\/\/cezedartiste.com\/wp-content\/uploads\/2023\/10\/11265449_10206448884013439_1933321598653845236_o-300x161.jpg 300w, https:\/\/cezedartiste.com\/wp-content\/uploads\/2023\/10\/11265449_10206448884013439_1933321598653845236_o-768x411.jpg 768w, https:\/\/cezedartiste.com\/wp-content\/uploads\/2023\/10\/11265449_10206448884013439_1933321598653845236_o.jpg 1095w\" sizes=\"auto, (max-width: 709px) 85vw, (max-width: 909px) 67vw, (max-width: 1362px) 62vw, 840px\" \/><\/figure>\n<\/div>\n\n\n<p>Dipl\u00f4m\u00e9e en management dans le commerce dans lequel elle fera l&rsquo;essentiel de sa carri\u00e8re, la fibre artistique ne la jamais quitt\u00e9 et apr\u00e8s quelques cours de dessin aux beaux-arts en 1993, c&rsquo;est en tant qu&rsquo;autodidacte qu&rsquo;elle s&rsquo;est affirm\u00e9e et \u00e0 \u00e9volu\u00e9 en tant que peintre.<\/p>\n\n\n\n<p>Entrain\u00e9e par sa soif perp\u00e9tuelle d&rsquo;apprendre, elle s&rsquo;est essay\u00e9e \u00e0 bon nombre de techniques et mati\u00e8res pour assouvir ses besoins d&rsquo;expression, mais la peinture et le modelage restent ses techniques de pr\u00e9dilection. La com\u00e9die ne l&rsquo;a jamais quitt\u00e9 non plus puisque que le th\u00e9\u00e2tre semble la suivre depuis toujours.<\/p>\n\n\n<div class=\"wp-block-image\">\n<figure class=\"aligncenter size-full is-resized\"><img loading=\"lazy\" decoding=\"async\" width=\"566\" height=\"392\" src=\"https:\/\/cezedartiste.com\/wp-content\/uploads\/2023\/10\/12080358_10206514038362257_546821936906643524_o.jpg\" alt=\"\" class=\"wp-image-242\" style=\"aspect-ratio:1.4438775510204083;width:267px;height:auto\" srcset=\"https:\/\/cezedartiste.com\/wp-content\/uploads\/2023\/10\/12080358_10206514038362257_546821936906643524_o.jpg 566w, https:\/\/cezedartiste.com\/wp-content\/uploads\/2023\/10\/12080358_10206514038362257_546821936906643524_o-300x208.jpg 300w\" sizes=\"auto, (max-width: 566px) 85vw, 566px\" \/><\/figure>\n<\/div>\n\n\n<p>Ainsi, modelage, sculpture, d\u00e9cors, costumes, mise en sc\u00e8ne, photo, shooting, d\u00e9coration int\u00e9rieure, peinture sur bois, sur porcelaine, couture, cuir, trompe l\u2019\u0153il, miniatures, r\u00e9sine, bijoux, r\u00e9cup, tout est sujet \u00e0 la cr\u00e9ation et elle ne se prive pas de tout tester avec beaucoup de dext\u00e9rit\u00e9 et d&rsquo;astuces. Elle en veut toujours plus, toujours aller plus loin.<\/p>\n\n\n\n<p> Elle se fait remarquer en 1997 lors de sa premi\u00e8re exposition professionnelle organis\u00e9e par le club de la miniature fran\u00e7aise o\u00f9 elle pr\u00e9sente une maison de 12 pi\u00e8ces vivantes et actuelles r\u00e9alis\u00e9e uniquement \u00e0 base de r\u00e9cup\u00e9rations en tout genre et son ing\u00e9niosit\u00e9.<\/p>\n\n\n<div class=\"wp-block-image\">\n<figure class=\"aligncenter size-full is-resized\"><img loading=\"lazy\" decoding=\"async\" width=\"566\" height=\"290\" src=\"https:\/\/cezedartiste.com\/wp-content\/uploads\/2023\/10\/1918085_1183870449463_4977700_n.jpg\" alt=\"\" class=\"wp-image-240\" style=\"aspect-ratio:1.9517241379310344;width:507px;height:auto\" srcset=\"https:\/\/cezedartiste.com\/wp-content\/uploads\/2023\/10\/1918085_1183870449463_4977700_n.jpg 566w, https:\/\/cezedartiste.com\/wp-content\/uploads\/2023\/10\/1918085_1183870449463_4977700_n-300x154.jpg 300w\" sizes=\"auto, (max-width: 566px) 85vw, 566px\" \/><\/figure>\n<\/div>\n\n\n<p>En 2010, en parall\u00e8le de sa boutique d&rsquo;artisanat \u00ab\u00a0Symphonie d&rsquo;art\u00a0\u00bb \u00e0 Perpignan compos\u00e9e de 70 cr\u00e9ateurs et artistes recrut\u00e9s sur toute la France, elle cr\u00e9e un univers imaginaire qu&rsquo;elle nomme CEZED, dessine et r\u00e9alise des personnages sans visages, sans diff\u00e9rences. Ces personnages destin\u00e9s \u00e0 un livre seront d\u00e9clin\u00e9s en bijoux et d\u00e9coration. Elle cr\u00e9er le premier collier balan\u00e7oire qui n&rsquo;existe pas encore et d\u00e9pose sa trouvaille \u00e0 l&rsquo;INPI. Cr\u00e9er \u00e9galement son logo, ses packagings.<\/p>\n\n\n\n<p><\/p>\n\n\n<div class=\"wp-block-image\">\n<figure class=\"aligncenter size-full is-resized\"><img loading=\"lazy\" decoding=\"async\" width=\"960\" height=\"736\" src=\"https:\/\/cezedartiste.com\/wp-content\/uploads\/2023\/10\/11825695_876618989092712_254831685972265541_n.jpg\" alt=\"\" class=\"wp-image-179\" style=\"width:349px;height:268px\" srcset=\"https:\/\/cezedartiste.com\/wp-content\/uploads\/2023\/10\/11825695_876618989092712_254831685972265541_n.jpg 960w, https:\/\/cezedartiste.com\/wp-content\/uploads\/2023\/10\/11825695_876618989092712_254831685972265541_n-300x230.jpg 300w, https:\/\/cezedartiste.com\/wp-content\/uploads\/2023\/10\/11825695_876618989092712_254831685972265541_n-768x589.jpg 768w\" sizes=\"auto, (max-width: 709px) 85vw, (max-width: 909px) 67vw, (max-width: 1362px) 62vw, 840px\" \/><figcaption class=\"wp-element-caption\">LE MONDE PARFAIT DE CEZED<\/figcaption><\/figure>\n<\/div>\n\n\n<p>En 2015, ses personnages retrouveront enfin un visage et Vanessa son style, elle cr\u00e9er et r\u00e9alise des collections de produits illustr\u00e9s pour chacun de ses dessins, v\u00eatement, bijoux et accessoires qu&rsquo;elle diffuse via des salons et boutiques \u00e0 travers toute la France. elle ouvre une boutique associative \u00a0\u00bb Le gang des sardines\u00a0\u00bb en Charente maritime ou elle propose \u00e9galement des ateliers cr\u00e9atifs.<\/p>\n\n\n<div class=\"wp-block-image\">\n<figure class=\"aligncenter size-full is-resized\"><img loading=\"lazy\" decoding=\"async\" width=\"616\" height=\"429\" src=\"https:\/\/cezedartiste.com\/wp-content\/uploads\/2023\/10\/14925764_1163334557087819_477996320207700468_n.jpg\" alt=\"\" class=\"wp-image-180\" style=\"width:463px;height:322px\" srcset=\"https:\/\/cezedartiste.com\/wp-content\/uploads\/2023\/10\/14925764_1163334557087819_477996320207700468_n.jpg 616w, https:\/\/cezedartiste.com\/wp-content\/uploads\/2023\/10\/14925764_1163334557087819_477996320207700468_n-300x209.jpg 300w\" sizes=\"auto, (max-width: 616px) 85vw, 616px\" \/><\/figure>\n<\/div>\n\n\n<p><\/p>\n\n\n\n<p>C&rsquo;est finalement en 2020 , \u00e0 Tours alors qu&rsquo;elle est adjoint de direction dans le commerce qu&rsquo;elle connait le confinement elle en profite pour reprendre la peinture, les toiles et le relooking de mobilier, retour \u00e0 ses premiers amours.<\/p>\n\n\n\n<p class=\"has-text-align-center\">Et c&rsquo;est une nouvelle aventure qui commence &#8230;<\/p>\n\n\n<div class=\"wp-block-image\">\n<figure class=\"aligncenter size-full is-resized\"><img loading=\"lazy\" decoding=\"async\" width=\"87\" height=\"87\" src=\"https:\/\/cezedartiste.com\/wp-content\/uploads\/2023\/10\/logo-cezed-2023-1.jpg\" alt=\"\" class=\"wp-image-182\" style=\"width:96px;height:96px\"\/><\/figure>\n<\/div>\n\n<div class=\"wp-block-image\">\n<figure class=\"aligncenter size-large is-resized\"><img loading=\"lazy\" decoding=\"async\" width=\"805\" height=\"1024\" src=\"https:\/\/cezedartiste.com\/wp-content\/uploads\/2023\/10\/lautre-monde-de-vanessa-pataki-805x1024.jpg\" alt=\"\" class=\"wp-image-250\" style=\"aspect-ratio:0.7861328125;width:186px;height:auto\" srcset=\"https:\/\/cezedartiste.com\/wp-content\/uploads\/2023\/10\/lautre-monde-de-vanessa-pataki-805x1024.jpg 805w, https:\/\/cezedartiste.com\/wp-content\/uploads\/2023\/10\/lautre-monde-de-vanessa-pataki-236x300.jpg 236w, https:\/\/cezedartiste.com\/wp-content\/uploads\/2023\/10\/lautre-monde-de-vanessa-pataki-768x976.jpg 768w, https:\/\/cezedartiste.com\/wp-content\/uploads\/2023\/10\/lautre-monde-de-vanessa-pataki-1208x1536.jpg 1208w, https:\/\/cezedartiste.com\/wp-content\/uploads\/2023\/10\/lautre-monde-de-vanessa-pataki-1200x1526.jpg 1200w, https:\/\/cezedartiste.com\/wp-content\/uploads\/2023\/10\/lautre-monde-de-vanessa-pataki.jpg 1585w\" sizes=\"auto, (max-width: 805px) 85vw, 805px\" \/><\/figure>\n<\/div>\n\n\n<p><\/p>\n\n\n\n<p><\/p>\n\n\n\n<p><\/p>\n","protected":false},"excerpt":{"rendered":"<p>N\u00e9e en 1972 \u00e0 Strasbourg, fille d&rsquo;une tr\u00e8s jeune maman cr\u00e9ative et cultiv\u00e9e, d&rsquo;une grand-m\u00e8re professeure de fran\u00e7ais et histoire g\u00e9o, d&rsquo;un grand p\u00e8re \u00e9rudit invisible, d&rsquo;un papa, musicien \u00e0 ses heures perdues qui l&rsquo;adopte fi\u00e8rement \u00e0 l&rsquo;age de ses 1 ans, Vanessa, bien que bien entour\u00e9e, se sentira bien souvent seule en d\u00e9calage avec &hellip; <a href=\"https:\/\/cezedartiste.com\/index.php\/biographie\/\" class=\"more-link\">Continuer la lecture<span class=\"screen-reader-text\"> de &laquo;&nbsp;Biographie&nbsp;&raquo;<\/span><\/a><\/p>\n","protected":false},"author":1,"featured_media":0,"parent":0,"menu_order":0,"comment_status":"closed","ping_status":"closed","template":"","meta":{"footnotes":""},"class_list":["post-175","page","type-page","status-publish","hentry"],"_links":{"self":[{"href":"https:\/\/cezedartiste.com\/index.php\/wp-json\/wp\/v2\/pages\/175","targetHints":{"allow":["GET"]}}],"collection":[{"href":"https:\/\/cezedartiste.com\/index.php\/wp-json\/wp\/v2\/pages"}],"about":[{"href":"https:\/\/cezedartiste.com\/index.php\/wp-json\/wp\/v2\/types\/page"}],"author":[{"embeddable":true,"href":"https:\/\/cezedartiste.com\/index.php\/wp-json\/wp\/v2\/users\/1"}],"replies":[{"embeddable":true,"href":"https:\/\/cezedartiste.com\/index.php\/wp-json\/wp\/v2\/comments?post=175"}],"version-history":[{"count":12,"href":"https:\/\/cezedartiste.com\/index.php\/wp-json\/wp\/v2\/pages\/175\/revisions"}],"predecessor-version":[{"id":340,"href":"https:\/\/cezedartiste.com\/index.php\/wp-json\/wp\/v2\/pages\/175\/revisions\/340"}],"wp:attachment":[{"href":"https:\/\/cezedartiste.com\/index.php\/wp-json\/wp\/v2\/media?parent=175"}],"curies":[{"name":"wp","href":"https:\/\/api.w.org\/{rel}","templated":true}]}}